{"id":1131,"date":"2022-10-18T18:07:43","date_gmt":"2022-10-18T18:07:43","guid":{"rendered":"https:\/\/valbec.cl\/index.php\/producto\/postcard-v2\/"},"modified":"2025-02-26T23:19:54","modified_gmt":"2025-02-26T23:19:54","slug":"postcard-v2","status":"publish","type":"product","link":"https:\/\/valbec.cl\/index.php\/producto\/postcard-v2\/","title":{"rendered":"ESPIROMET\u00c1LICAS"},"content":{"rendered":"<p><strong>Espiromet\u00e1licas<\/strong><\/p>\n<ul>\n<li>Estilo CG\/316\/Grafito<\/li>\n<li>Estilo CGI\/316\/316\/Grafito<\/li>\n<li>Norma ANSI y DIN<\/li>\n<\/ul>\n<div class=\"\\&quot;ProductDescription-attributeValueInfo\\&quot;\">\n<div class=\"\\&quot;ProductDescription-attributeValueDescription\\&quot;\">\n<p><strong>Note:<\/strong> ALternativas de marca y modelos.<\/p>\n<\/div>\n<\/div>\n","protected":false},"excerpt":{"rendered":"<p>Las espiromet\u00e1licas est\u00e1n compuestas por una cinta met\u00e1lica con forma de V, la cual se enrolla para obtener una espiral, se combina con un material de relleno blandon el mas comun es el grafito y el Tefl\u00f3n.<\/p>\n<p>Se ensambla con anillo centrador de acero carbono recubierto de pintura epoxica o tambien puede ser de acero inoxidable. Para mayo presi\u00f3n se utiliza un anillo interno de acero inox.<\/p>\n","protected":false},"featured_media":1580,"comment_status":"open","ping_status":"closed","template":"","meta":{"_uag_custom_page_level_css":""},"product_cat":[17],"product_tag":[],"uagb_featured_image_src":{"full":["https:\/\/valbec.cl\/wp-content\/uploads\/2022\/10\/20230314_181423-scaled-e1706216647657.jpg",2201,1493,false],"thumbnail":["https:\/\/valbec.cl\/wp-content\/uploads\/2022\/10\/20230314_181423-scaled-e1706216647657-150x150.jpg",150,150,true],"medium":["https:\/\/valbec.cl\/wp-content\/uploads\/2022\/10\/20230314_181423-scaled-e1706216647657-300x203.jpg",300,203,true],"medium_large":["https:\/\/valbec.cl\/wp-content\/uploads\/2022\/10\/20230314_181423-scaled-e1706216647657-768x521.jpg",640,434,true],"large":["https:\/\/valbec.cl\/wp-content\/uploads\/2022\/10\/20230314_181423-scaled-e1706216647657-1024x695.jpg",640,434,true],"1536x1536":["https:\/\/valbec.cl\/wp-content\/uploads\/2022\/10\/20230314_181423-scaled-e1706216647657-1536x1042.jpg",1536,1042,true],"2048x2048":["https:\/\/valbec.cl\/wp-content\/uploads\/2022\/10\/20230314_181423-scaled-e1706216647657-2048x1389.jpg",2048,1389,true],"post-thumbnail":["https:\/\/valbec.cl\/wp-content\/uploads\/2022\/10\/20230314_181423-scaled-e1706216647657.jpg",340,231,false],"woocommerce_thumbnail":["https:\/\/valbec.cl\/wp-content\/uploads\/2022\/10\/20230314_181423-scaled-e1706216647657-300x300.jpg",300,300,true],"woocommerce_single":["https:\/\/valbec.cl\/wp-content\/uploads\/2022\/10\/20230314_181423-scaled-e1706216647657-600x407.jpg",600,407,true],"woocommerce_gallery_thumbnail":["https:\/\/valbec.cl\/wp-content\/uploads\/2022\/10\/20230314_181423-scaled-e1706216647657-100x100.jpg",100,100,true]},"uagb_author_info":{"display_name":"admin","author_link":"https:\/\/valbec.cl\/index.php\/author\/"},"uagb_comment_info":0,"uagb_excerpt":"Las espiromet\u00e1licas est\u00e1n compuestas por una cinta met\u00e1lica con forma de V, la cual se enrolla para obtener una espiral, se combina con un material de relleno blandon el mas comun es el grafito y el Tefl\u00f3n. Se ensambla con anillo centrador de acero carbono recubierto de pintura epoxica o tambien puede ser de acero&hellip;","_links":{"self":[{"href":"https:\/\/valbec.cl\/index.php\/wp-json\/wp\/v2\/product\/1131"}],"collection":[{"href":"https:\/\/valbec.cl\/index.php\/wp-json\/wp\/v2\/product"}],"about":[{"href":"https:\/\/valbec.cl\/index.php\/wp-json\/wp\/v2\/types\/product"}],"replies":[{"embeddable":true,"href":"https:\/\/valbec.cl\/index.php\/wp-json\/wp\/v2\/comments?post=1131"}],"wp:featuredmedia":[{"embeddable":true,"href":"https:\/\/valbec.cl\/index.php\/wp-json\/wp\/v2\/media\/1580"}],"wp:attachment":[{"href":"https:\/\/valbec.cl\/index.php\/wp-json\/wp\/v2\/media?parent=1131"}],"wp:term":[{"taxonomy":"product_cat","embeddable":true,"href":"https:\/\/valbec.cl\/index.php\/wp-json\/wp\/v2\/product_cat?post=1131"},{"taxonomy":"product_tag","embeddable":true,"href":"https:\/\/valbec.cl\/index.php\/wp-json\/wp\/v2\/product_tag?post=1131"}],"curies":[{"name":"wp","href":"https:\/\/api.w.org\/{rel}","templated":true}]}}