{"id":1136,"date":"2022-10-18T18:11:13","date_gmt":"2022-10-18T18:11:13","guid":{"rendered":"https:\/\/valbec.cl\/index.php\/producto\/poster-v3\/"},"modified":"2025-02-26T23:18:50","modified_gmt":"2025-02-26T23:18:50","slug":"poster-v3","status":"publish","type":"product","link":"https:\/\/valbec.cl\/index.php\/producto\/poster-v3\/","title":{"rendered":"VALVULAS y BOMBAS INDUSTRIALES"},"content":{"rendered":"<p><strong>VALVULAS INDUSTRIALES:<\/strong><\/p>\n<ul>\n<li>Mariposa<\/li>\n<li>Cuchilla<\/li>\n<li>Bola<\/li>\n<li>Compuerta<\/li>\n<li>Globo<\/li>\n<\/ul>\n<p><strong>BOMBAS CENTRIFUGAS:<\/strong><\/p>\n<ul>\n<li>Mantenci\u00f3n de equipos<\/li>\n<li>Cambios de piezas<\/li>\n<li>Servicios t\u00e9cnicos<\/li>\n<\/ul>\n<p><strong>Nota:<\/strong> Informe t\u00e9cnicos mas sugerencias de mantenci\u00f3n.<\/p>\n","protected":false},"excerpt":{"rendered":"<p>Realizamos la reposici\u00f3n de Valvulas Industriales con producto nacional e Internacional.<\/p>\n<p>Representantes de fabrica Asiaticas y Europeas.<\/p>\n<p>Ofrecemos la instalaci\u00f3n de todo productos de nuestro cat\u00e1logo.<\/p>\n<p>Servicios con garant\u00eda<\/p>\n","protected":false},"featured_media":1730,"comment_status":"open","ping_status":"closed","template":"","meta":{"_uag_custom_page_level_css":""},"product_cat":[18],"product_tag":[],"uagb_featured_image_src":{"full":["https:\/\/valbec.cl\/wp-content\/uploads\/2022\/10\/VV-RETENCION-20PLG.jpg",810,1080,false],"thumbnail":["https:\/\/valbec.cl\/wp-content\/uploads\/2022\/10\/VV-RETENCION-20PLG-150x150.jpg",150,150,true],"medium":["https:\/\/valbec.cl\/wp-content\/uploads\/2022\/10\/VV-RETENCION-20PLG-225x300.jpg",225,300,true],"medium_large":["https:\/\/valbec.cl\/wp-content\/uploads\/2022\/10\/VV-RETENCION-20PLG-768x1024.jpg",640,853,true],"large":["https:\/\/valbec.cl\/wp-content\/uploads\/2022\/10\/VV-RETENCION-20PLG-768x1024.jpg",640,853,true],"1536x1536":["https:\/\/valbec.cl\/wp-content\/uploads\/2022\/10\/VV-RETENCION-20PLG.jpg",810,1080,false],"2048x2048":["https:\/\/valbec.cl\/wp-content\/uploads\/2022\/10\/VV-RETENCION-20PLG.jpg",810,1080,false],"post-thumbnail":["https:\/\/valbec.cl\/wp-content\/uploads\/2022\/10\/VV-RETENCION-20PLG.jpg",180,240,false],"woocommerce_thumbnail":["https:\/\/valbec.cl\/wp-content\/uploads\/2022\/10\/VV-RETENCION-20PLG-300x300.jpg",300,300,true],"woocommerce_single":["https:\/\/valbec.cl\/wp-content\/uploads\/2022\/10\/VV-RETENCION-20PLG-600x800.jpg",600,800,true],"woocommerce_gallery_thumbnail":["https:\/\/valbec.cl\/wp-content\/uploads\/2022\/10\/VV-RETENCION-20PLG-100x100.jpg",100,100,true]},"uagb_author_info":{"display_name":"admin","author_link":"https:\/\/valbec.cl\/index.php\/author\/"},"uagb_comment_info":0,"uagb_excerpt":"Realizamos la reposici\u00f3n de Valvulas Industriales con producto nacional e Internacional. Representantes de fabrica Asiaticas y Europeas. Ofrecemos la instalaci\u00f3n de todo productos de nuestro cat\u00e1logo. Servicios con garant\u00eda","_links":{"self":[{"href":"https:\/\/valbec.cl\/index.php\/wp-json\/wp\/v2\/product\/1136"}],"collection":[{"href":"https:\/\/valbec.cl\/index.php\/wp-json\/wp\/v2\/product"}],"about":[{"href":"https:\/\/valbec.cl\/index.php\/wp-json\/wp\/v2\/types\/product"}],"replies":[{"embeddable":true,"href":"https:\/\/valbec.cl\/index.php\/wp-json\/wp\/v2\/comments?post=1136"}],"wp:featuredmedia":[{"embeddable":true,"href":"https:\/\/valbec.cl\/index.php\/wp-json\/wp\/v2\/media\/1730"}],"wp:attachment":[{"href":"https:\/\/valbec.cl\/index.php\/wp-json\/wp\/v2\/media?parent=1136"}],"wp:term":[{"taxonomy":"product_cat","embeddable":true,"href":"https:\/\/valbec.cl\/index.php\/wp-json\/wp\/v2\/product_cat?post=1136"},{"taxonomy":"product_tag","embeddable":true,"href":"https:\/\/valbec.cl\/index.php\/wp-json\/wp\/v2\/product_tag?post=1136"}],"curies":[{"name":"wp","href":"https:\/\/api.w.org\/{rel}","templated":true}]}}